{"id":987,"date":"2013-04-03T15:50:15","date_gmt":"2013-04-03T15:50:15","guid":{"rendered":"http:\/\/www.kriesi.at\/themes\/enfold\/?page_id=987"},"modified":"2026-03-26T22:59:21","modified_gmt":"2026-03-26T21:59:21","slug":"portfolio-2-column","status":"publish","type":"page","link":"https:\/\/soundsource.tn\/index.php\/portfolio-2-column\/","title":{"rendered":"SS Portfolio"},"content":{"rendered":"<div  class='flex_column av-7itzn-c64b0073ee333b197279820f42bbd2f6 av_one_full  avia-builder-el-0  el_before_av_hr  avia-builder-el-first  first flex_column_div  '     ><style type=\"text\/css\" data-created_by=\"avia_inline_auto\" id=\"style-css-av-lmae7q6s-226c6f5d449ec50b2470106547335f39\">\n#top .av_textblock_section.av-lmae7q6s-226c6f5d449ec50b2470106547335f39 .avia_textblock{\ntext-align:center;\n}\n<\/style>\n<section  class='av_textblock_section av-lmae7q6s-226c6f5d449ec50b2470106547335f39 '   itemscope=\"itemscope\" itemtype=\"https:\/\/schema.org\/CreativeWork\" ><div class='avia_textblock'  itemprop=\"text\" ><p>Nous avons s\u00e9lectionn\u00e9 quelques-unes de nos installations r\u00e9ussies dans divers lieux, allant des clubs aux h\u00f4tels, restaurants, et grands \u00e9v\u00e9nements comme des concerts et festivals. Ces r\u00e9alisations illustrent notre savoir-faire et notre engagement \u00e0 fournir des solutions audiovisuelles exceptionnelles. Que ce soit pour cr\u00e9er une exp\u00e9rience immersive dans des lieux uniques ou dynamiser l&rsquo;ambiance d&rsquo;une bo\u00eete de nuit, notre \u00e9quipe d\u00e9di\u00e9e met son expertise au service des besoins sp\u00e9cifiques de chaque projet.<\/p>\n<\/div><\/section><\/div>\n<div  class='hr av-6zo6b-6d08b4471f7a5d407a60070921b9478f hr-default  avia-builder-el-2  el_after_av_one_full  el_before_av_one_full '><span class='hr-inner '><span class=\"hr-inner-style\"><\/span><\/span><\/div>\n<div  class='flex_column av-eiydn-878ae2fbfbe6de08e0491351a539e08d av_one_full  avia-builder-el-3  el_after_av_hr  avia-builder-el-last  first flex_column_div  '     ><div  id=\"avia-magazine-1\"  class='av-magazine av-m2oeyqlj-17c28272136b47407ea7acf9eca01b1d av-magazine-top-bar-active av-magazine-hero-top av-magazine-tabs-active  avia-builder-el-4  avia-builder-el-no-sibling   avia-builder-el-4  avia-builder-el-no-sibling ' ><div class='av-magazine-top-bar '><\/div><div class='av-magazine-group sort_all'><div class='av-magazine-hero first '><article class='av-magazine-entry av-magazine-entry-id-6033 av-magazine-format-standard av-magazine-type-portfolio av-magazine-entry-1 av-magazine-entry-big '  itemscope=\"itemscope\" itemtype=\"https:\/\/schema.org\/CreativeWork\" ><div class=\"av-magazine-thumbnail\"><a href='https:\/\/soundsource.tn\/index.php\/portfolio-item\/lopera-hammamet-2\/' title='Lier vers : L&rsquo;op\u00e9ra Hammamet' class='av-magazine-thumbnail-link'><img  title=\"\" decoding=\"async\" fetchpriority=\"high\" width=\"705\" height=\"705\" src=\"https:\/\/soundsource.tn\/wp-content\/uploads\/2026\/01\/OPERA-705x705.jpg\" class=\"wp-image-5895 avia-img-lazy-loading-not-5895 attachment-masonry size-masonry wp-post-image\"  alt=\"OPERA-705x705 SS Portfolio\"  srcset=\"https:\/\/soundsource.tn\/wp-content\/uploads\/2026\/01\/OPERA-705x705.jpg 705w, https:\/\/soundsource.tn\/wp-content\/uploads\/2026\/01\/OPERA-300x300.jpg 300w, https:\/\/soundsource.tn\/wp-content\/uploads\/2026\/01\/OPERA-1030x1030.jpg 1030w, https:\/\/soundsource.tn\/wp-content\/uploads\/2026\/01\/OPERA-80x80.jpg 80w, https:\/\/soundsource.tn\/wp-content\/uploads\/2026\/01\/OPERA-768x768.jpg 768w, https:\/\/soundsource.tn\/wp-content\/uploads\/2026\/01\/OPERA-36x36.jpg 36w, https:\/\/soundsource.tn\/wp-content\/uploads\/2026\/01\/OPERA-180x180.jpg 180w, https:\/\/soundsource.tn\/wp-content\/uploads\/2026\/01\/OPERA.jpg 1200w\" sizes=\"(max-width: 705px) 100vw, 705px\" \/><\/a><\/div><div class=\"av-magazine-content-wrap\"><header class=\"entry-content-header\" aria-label=\"Articles : L&#039;op\u00e9ra Hammamet\"><time class='av-magazine-time updated'  itemprop=\"datePublished\" datetime=\"2026-01-31T18:35:00+01:00\" >31 janvier 2026<\/time><span class=\"av-magazine-author-wrap\"><span class=\"av-magazine-text-sep text-sep-date\">\/<\/span><span class=\"av-magazine-author minor-meta\">par <span class=\"av-magazine-author-link\"  itemprop=\"author\" ><span class=\"av-magazine-author meta-color author\"><span class=\"fn\"><a href=\"https:\/\/soundsource.tn\/index.php\/author\/admin\/\" title=\"par Riahi Zied\" rel=\"author\">Riahi Zied<\/a><\/span><\/span><\/span><\/span><\/span><span class=\"av-magazine-cats-wrap\"><span class=\"av-magazine-text-sep text-sep-cats\">In<\/span><span class=\"av-magazine-cats minor-meta\"><a href=\"https:\/\/soundsource.tn\/index.php\/portfolio_entries\/bars-lounges-restaurants\/\" rel=\"tag\">Bars, Lounges &amp; Restaurants<\/a>, <a href=\"https:\/\/soundsource.tn\/index.php\/portfolio_entries\/installations-fixes-integration-audio\/\" rel=\"tag\">Installations Fixes \/ Int\u00e9gration Audio<\/a>, <a href=\"https:\/\/soundsource.tn\/index.php\/portfolio_entries\/installations-premium-kv2-audio\/\" rel=\"tag\">Installations Premium KV2 Audio<\/a> <\/span><\/span><span class=\"av-magazine-tags-wrap\"><span class=\"av-magazine-text-sep text-sep-tags\">Etiquettes :<\/span><span class=\"av-magazine-tags minor-meta\"><a href=\"https:\/\/soundsource.tn\/index.php\/tag\/annonce_officielle\/\" rel=\"tag\">Annonce_officielle<\/a>, <a href=\"https:\/\/soundsource.tn\/index.php\/tag\/kv2_audio\/\" rel=\"tag\">kv2_audio<\/a>, <a href=\"https:\/\/soundsource.tn\/index.php\/tag\/maintenance_et_sav\/\" rel=\"tag\">Maintenance_et_SAV<\/a>, <a href=\"https:\/\/soundsource.tn\/index.php\/tag\/support_technique_global\/\" rel=\"tag\">Support_technique_global<\/a>, <a href=\"https:\/\/soundsource.tn\/index.php\/tag\/systeme_de_sonorisation\/\" rel=\"tag\">Syst\u00e8me_de_sonorisation<\/a><\/span><\/span><h3 class='av-magazine-title entry-title '  itemprop=\"headline\" ><a href='https:\/\/soundsource.tn\/index.php\/portfolio-item\/lopera-hammamet-2\/' title='Lier vers : L&rsquo;op\u00e9ra Hammamet'>L&rsquo;op\u00e9ra Hammamet<\/a><\/h3><\/header><div class='av-magazine-content entry-content'  itemprop=\"text\" >wind\/earth<\/div><\/div><footer class=\"entry-footer\"><\/footer><\/article><\/div><\/div><\/div><\/div>\n","protected":false},"excerpt":{"rendered":"","protected":false},"author":15731,"featured_media":0,"parent":0,"menu_order":0,"comment_status":"open","ping_status":"closed","template":"","meta":{"jetpack_post_was_ever_published":true,"footnotes":""},"class_list":["post-987","page","type-page","status-publish","hentry"],"yoast_head":"<!-- This site is optimized with the Yoast SEO plugin v27.4 - https:\/\/yoast.com\/product\/yoast-seo-wordpress\/ -->\n<title>SS Portfolio - SOUND SOURCE<\/title>\n<meta name=\"robots\" content=\"index, follow, max-snippet:-1, max-image-preview:large, max-video-preview:-1\" \/>\n<link rel=\"canonical\" href=\"https:\/\/soundsource.tn\/index.php\/portfolio-2-column\/\" \/>\n<meta property=\"og:locale\" content=\"fr_FR\" \/>\n<meta property=\"og:type\" content=\"article\" \/>\n<meta property=\"og:title\" content=\"SS Portfolio - SOUND SOURCE\" \/>\n<meta property=\"og:url\" content=\"https:\/\/soundsource.tn\/index.php\/portfolio-2-column\/\" \/>\n<meta property=\"og:site_name\" content=\"SOUND SOURCE\" \/>\n<meta property=\"article:modified_time\" content=\"2026-03-26T21:59:21+00:00\" \/>\n<meta name=\"twitter:card\" content=\"summary_large_image\" \/>\n<meta name=\"twitter:label1\" content=\"Dur\u00e9e de lecture estim\u00e9e\" \/>\n\t<meta name=\"twitter:data1\" content=\"1 minute\" \/>\n<script type=\"application\/ld+json\" class=\"yoast-schema-graph\">{\"@context\":\"https:\\\/\\\/schema.org\",\"@graph\":[{\"@type\":\"WebPage\",\"@id\":\"https:\\\/\\\/soundsource.tn\\\/index.php\\\/portfolio-2-column\\\/\",\"url\":\"https:\\\/\\\/soundsource.tn\\\/index.php\\\/portfolio-2-column\\\/\",\"name\":\"SS Portfolio - SOUND SOURCE\",\"isPartOf\":{\"@id\":\"https:\\\/\\\/soundsource.tn\\\/#website\"},\"datePublished\":\"2013-04-03T15:50:15+00:00\",\"dateModified\":\"2026-03-26T21:59:21+00:00\",\"breadcrumb\":{\"@id\":\"https:\\\/\\\/soundsource.tn\\\/index.php\\\/portfolio-2-column\\\/#breadcrumb\"},\"inLanguage\":\"fr-FR\",\"potentialAction\":[{\"@type\":\"ReadAction\",\"target\":[\"https:\\\/\\\/soundsource.tn\\\/index.php\\\/portfolio-2-column\\\/\"]}]},{\"@type\":\"BreadcrumbList\",\"@id\":\"https:\\\/\\\/soundsource.tn\\\/index.php\\\/portfolio-2-column\\\/#breadcrumb\",\"itemListElement\":[{\"@type\":\"ListItem\",\"position\":1,\"name\":\"Home\",\"item\":\"https:\\\/\\\/soundsource.tn\\\/index.php\\\/ss-accueil\\\/\"},{\"@type\":\"ListItem\",\"position\":2,\"name\":\"SS Portfolio\"}]},{\"@type\":\"WebSite\",\"@id\":\"https:\\\/\\\/soundsource.tn\\\/#website\",\"url\":\"https:\\\/\\\/soundsource.tn\\\/\",\"name\":\"SOUND SOURCE\",\"description\":\"L&#039;Excellence Sonore, l&#039;Exp\u00e9rience en Plus.\",\"publisher\":{\"@id\":\"https:\\\/\\\/soundsource.tn\\\/#organization\"},\"potentialAction\":[{\"@type\":\"SearchAction\",\"target\":{\"@type\":\"EntryPoint\",\"urlTemplate\":\"https:\\\/\\\/soundsource.tn\\\/?s={search_term_string}\"},\"query-input\":{\"@type\":\"PropertyValueSpecification\",\"valueRequired\":true,\"valueName\":\"search_term_string\"}}],\"inLanguage\":\"fr-FR\"},{\"@type\":\"Organization\",\"@id\":\"https:\\\/\\\/soundsource.tn\\\/#organization\",\"name\":\"SOUND SOURCE\",\"url\":\"https:\\\/\\\/soundsource.tn\\\/\",\"logo\":{\"@type\":\"ImageObject\",\"inLanguage\":\"fr-FR\",\"@id\":\"https:\\\/\\\/soundsource.tn\\\/#\\\/schema\\\/logo\\\/image\\\/\",\"url\":\"https:\\\/\\\/soundsource.tn\\\/wp-content\\\/uploads\\\/2023\\\/08\\\/logo-soundsource-tn.png\",\"contentUrl\":\"https:\\\/\\\/soundsource.tn\\\/wp-content\\\/uploads\\\/2023\\\/08\\\/logo-soundsource-tn.png\",\"width\":340,\"height\":156,\"caption\":\"SOUND SOURCE\"},\"image\":{\"@id\":\"https:\\\/\\\/soundsource.tn\\\/#\\\/schema\\\/logo\\\/image\\\/\"}}]}<\/script>\n<!-- \/ Yoast SEO plugin. -->","yoast_head_json":{"title":"SS Portfolio - SOUND SOURCE","robots":{"index":"index","follow":"follow","max-snippet":"max-snippet:-1","max-image-preview":"max-image-preview:large","max-video-preview":"max-video-preview:-1"},"canonical":"https:\/\/soundsource.tn\/index.php\/portfolio-2-column\/","og_locale":"fr_FR","og_type":"article","og_title":"SS Portfolio - SOUND SOURCE","og_url":"https:\/\/soundsource.tn\/index.php\/portfolio-2-column\/","og_site_name":"SOUND SOURCE","article_modified_time":"2026-03-26T21:59:21+00:00","twitter_card":"summary_large_image","twitter_misc":{"Dur\u00e9e de lecture estim\u00e9e":"1 minute"},"schema":{"@context":"https:\/\/schema.org","@graph":[{"@type":"WebPage","@id":"https:\/\/soundsource.tn\/index.php\/portfolio-2-column\/","url":"https:\/\/soundsource.tn\/index.php\/portfolio-2-column\/","name":"SS Portfolio - SOUND SOURCE","isPartOf":{"@id":"https:\/\/soundsource.tn\/#website"},"datePublished":"2013-04-03T15:50:15+00:00","dateModified":"2026-03-26T21:59:21+00:00","breadcrumb":{"@id":"https:\/\/soundsource.tn\/index.php\/portfolio-2-column\/#breadcrumb"},"inLanguage":"fr-FR","potentialAction":[{"@type":"ReadAction","target":["https:\/\/soundsource.tn\/index.php\/portfolio-2-column\/"]}]},{"@type":"BreadcrumbList","@id":"https:\/\/soundsource.tn\/index.php\/portfolio-2-column\/#breadcrumb","itemListElement":[{"@type":"ListItem","position":1,"name":"Home","item":"https:\/\/soundsource.tn\/index.php\/ss-accueil\/"},{"@type":"ListItem","position":2,"name":"SS Portfolio"}]},{"@type":"WebSite","@id":"https:\/\/soundsource.tn\/#website","url":"https:\/\/soundsource.tn\/","name":"SOUND SOURCE","description":"L&#039;Excellence Sonore, l&#039;Exp\u00e9rience en Plus.","publisher":{"@id":"https:\/\/soundsource.tn\/#organization"},"potentialAction":[{"@type":"SearchAction","target":{"@type":"EntryPoint","urlTemplate":"https:\/\/soundsource.tn\/?s={search_term_string}"},"query-input":{"@type":"PropertyValueSpecification","valueRequired":true,"valueName":"search_term_string"}}],"inLanguage":"fr-FR"},{"@type":"Organization","@id":"https:\/\/soundsource.tn\/#organization","name":"SOUND SOURCE","url":"https:\/\/soundsource.tn\/","logo":{"@type":"ImageObject","inLanguage":"fr-FR","@id":"https:\/\/soundsource.tn\/#\/schema\/logo\/image\/","url":"https:\/\/soundsource.tn\/wp-content\/uploads\/2023\/08\/logo-soundsource-tn.png","contentUrl":"https:\/\/soundsource.tn\/wp-content\/uploads\/2023\/08\/logo-soundsource-tn.png","width":340,"height":156,"caption":"SOUND SOURCE"},"image":{"@id":"https:\/\/soundsource.tn\/#\/schema\/logo\/image\/"}}]}},"_links":{"self":[{"href":"https:\/\/soundsource.tn\/index.php\/wp-json\/wp\/v2\/pages\/987","targetHints":{"allow":["GET"]}}],"collection":[{"href":"https:\/\/soundsource.tn\/index.php\/wp-json\/wp\/v2\/pages"}],"about":[{"href":"https:\/\/soundsource.tn\/index.php\/wp-json\/wp\/v2\/types\/page"}],"author":[{"embeddable":true,"href":"https:\/\/soundsource.tn\/index.php\/wp-json\/wp\/v2\/users\/15731"}],"replies":[{"embeddable":true,"href":"https:\/\/soundsource.tn\/index.php\/wp-json\/wp\/v2\/comments?post=987"}],"version-history":[{"count":24,"href":"https:\/\/soundsource.tn\/index.php\/wp-json\/wp\/v2\/pages\/987\/revisions"}],"predecessor-version":[{"id":6059,"href":"https:\/\/soundsource.tn\/index.php\/wp-json\/wp\/v2\/pages\/987\/revisions\/6059"}],"wp:attachment":[{"href":"https:\/\/soundsource.tn\/index.php\/wp-json\/wp\/v2\/media?parent=987"}],"curies":[{"name":"wp","href":"https:\/\/api.w.org\/{rel}","templated":true}]}}