{"id":2967,"date":"2014-04-21T19:01:44","date_gmt":"2014-04-21T19:01:44","guid":{"rendered":"http:\/\/www.kriesi.at\/themes\/enfold\/?page_id=2967"},"modified":"2026-03-11T22:41:34","modified_gmt":"2026-03-11T21:41:34","slug":"home-v10-magazine","status":"publish","type":"page","link":"https:\/\/soundsource.tn\/index.php\/home-v10-magazine\/","title":{"rendered":"SS Actualit\u00e9s"},"content":{"rendered":"<div  class='flex_column av-25pcg7-98eff86cc703e674e30f58472513e52f av_one_full  avia-builder-el-0  el_before_av_hr  avia-builder-el-first  first flex_column_div  '     ><section  class='av_textblock_section av-lmae9wj7-4b6bdafce291cfdd05d571c4c88cdc6c '   itemscope=\"itemscope\" itemtype=\"https:\/\/schema.org\/CreativeWork\" ><div class='avia_textblock'  itemprop=\"text\" ><p style=\"text-align: center;\">\u00ab\u00a0Bienvenue sur la page d&rsquo;actualit\u00e9s de notre soci\u00e9t\u00e9! Ici, nous partageons toutes nos derni\u00e8res nouvelles et mises \u00e0 jour. De l&rsquo;arriv\u00e9e de nouveaux produits passionnants \u00e0 nos collaborations int\u00e9ressantes, nous avons toujours quelque chose d&rsquo;excitant \u00e0 partager. Restez \u00e0 l&rsquo;\u00e9coute pour rester au courant de tout ce qui se passe chez nous. Nous sommes impatients de vous emmener dans ce voyage avec nous!\u00a0\u00bb<\/p>\n<\/div><\/section><\/div>\n<div  class='hr av-av_hr-bca31578670ae9d408d6d6d291fc57a6 hr-default  avia-builder-el-2  el_after_av_one_full  el_before_av_magazine '><span class='hr-inner '><span class=\"hr-inner-style\"><\/span><\/span><\/div>\n<div  id=\"avia-magazine-1\"  class='av-magazine av-lpygbb8x-43fdd84201f3e6f8d6a6d19e03150a80 av-magazine-top-bar-active av-magazine-hero-top av-magazine-tabs-active  avia-builder-el-3  el_after_av_hr  avia-builder-el-last   avia-builder-el-3  el_after_av_hr  avia-builder-el-last ' ><div class='av-magazine-top-bar '><\/div><div class='av-magazine-group sort_all'><div class='av-magazine-hero first '><article class='av-magazine-entry av-magazine-entry-id-6054 av-magazine-format-standard av-magazine-type-post av-magazine-entry-1 av-magazine-entry-big '  itemscope=\"itemscope\" itemtype=\"https:\/\/schema.org\/CreativeWork\" ><div class=\"av-magazine-thumbnail\"><a href='https:\/\/soundsource.tn\/index.php\/2026\/03\/25\/garantie-10-ans\/' title='Lier vers : SOUND SOURCE &amp; KV2 Audio : Une Nouvelle \u00c8re de Fiabilit\u00e9 avec la Garantie 10 Ans' class='av-magazine-thumbnail-link'><img  title=\"\" decoding=\"async\" fetchpriority=\"high\" width=\"2560\" height=\"1429\" src=\"https:\/\/soundsource.tn\/wp-content\/uploads\/2026\/03\/10-ans-scaled.png\" class=\"wp-image-6056 avia-img-lazy-loading-not-6056 attachment-full size-full wp-post-image\"  alt=\"10-ans-scaled SS Actualit\u00e9s\"  srcset=\"https:\/\/soundsource.tn\/wp-content\/uploads\/2026\/03\/10-ans-scaled.png 2560w, https:\/\/soundsource.tn\/wp-content\/uploads\/2026\/03\/10-ans-300x167.png 300w, https:\/\/soundsource.tn\/wp-content\/uploads\/2026\/03\/10-ans-1030x575.png 1030w, https:\/\/soundsource.tn\/wp-content\/uploads\/2026\/03\/10-ans-768x429.png 768w, https:\/\/soundsource.tn\/wp-content\/uploads\/2026\/03\/10-ans-1536x857.png 1536w, https:\/\/soundsource.tn\/wp-content\/uploads\/2026\/03\/10-ans-2048x1143.png 2048w, https:\/\/soundsource.tn\/wp-content\/uploads\/2026\/03\/10-ans-1500x837.png 1500w, https:\/\/soundsource.tn\/wp-content\/uploads\/2026\/03\/10-ans-705x393.png 705w\" sizes=\"(max-width: 2560px) 100vw, 2560px\" \/><\/a><\/div><div class=\"av-magazine-content-wrap\"><header class=\"entry-content-header\" aria-label=\"Articles : SOUND SOURCE &amp; KV2 Audio : Une Nouvelle \u00c8re de Fiabilit\u00e9 avec la Garantie 10 Ans\"><time class='av-magazine-time updated'  itemprop=\"datePublished\" datetime=\"2026-03-25T11:45:30+01:00\" >25 mars 2026<\/time><span class=\"av-magazine-author-wrap\"><span class=\"av-magazine-text-sep text-sep-date\">\/<\/span><span class=\"av-magazine-author minor-meta\">par <span class=\"av-magazine-author-link\"  itemprop=\"author\" ><span class=\"av-magazine-author meta-color author\"><span class=\"fn\"><a href=\"https:\/\/soundsource.tn\/index.php\/author\/admin\/\" title=\"par Riahi Zied\" rel=\"author\">Riahi Zied<\/a><\/span><\/span><\/span><\/span><\/span><span class=\"av-magazine-cats-wrap\"><span class=\"av-magazine-text-sep text-sep-cats\">In<\/span><span class=\"av-magazine-cats minor-meta\"><a href=\"https:\/\/soundsource.tn\/index.php\/category\/actualites-maintenance\/\" rel=\"tag\">Actualit\u00e9s &amp; Maintenance<\/a>, <a href=\"https:\/\/soundsource.tn\/index.php\/category\/infos-constructeurs\/\" rel=\"tag\">Infos Constructeurs<\/a>, <a href=\"https:\/\/soundsource.tn\/index.php\/category\/news\/\" rel=\"tag\">News<\/a> <\/span><\/span><span class=\"av-magazine-tags-wrap\"><span class=\"av-magazine-text-sep text-sep-tags\">Etiquettes :<\/span><span class=\"av-magazine-tags minor-meta\"><a href=\"https:\/\/soundsource.tn\/index.php\/tag\/annonce_officielle\/\" rel=\"tag\">Annonce_officielle<\/a>, <a href=\"https:\/\/soundsource.tn\/index.php\/tag\/kv2_audio\/\" rel=\"tag\">kv2_audio<\/a>, <a href=\"https:\/\/soundsource.tn\/index.php\/tag\/maintenance_et_sav\/\" rel=\"tag\">Maintenance_et_SAV<\/a>, <a href=\"https:\/\/soundsource.tn\/index.php\/tag\/support_technique_global\/\" rel=\"tag\">Support_technique_global<\/a>, <a href=\"https:\/\/soundsource.tn\/index.php\/tag\/systeme_de_sonorisation\/\" rel=\"tag\">Syst\u00e8me_de_sonorisation<\/a>, <a href=\"https:\/\/soundsource.tn\/index.php\/tag\/touring_professionnel\/\" rel=\"tag\">Touring_professionnel<\/a><\/span><\/span><h3 class='av-magazine-title entry-title '  itemprop=\"headline\" ><a href='https:\/\/soundsource.tn\/index.php\/2026\/03\/25\/garantie-10-ans\/' title='Lier vers : SOUND SOURCE &amp; KV2 Audio : Une Nouvelle \u00c8re de Fiabilit\u00e9 avec la Garantie 10 Ans'>SOUND SOURCE &amp; KV2 Audio : Une Nouvelle \u00c8re de Fiabilit\u00e9 avec la Garantie 10 Ans<\/a><\/h3><\/header><div class='av-magazine-content entry-content'  itemprop=\"text\" >\nTunis, le 25 Mars 2026 \u2014 L&rsquo;\u00e9dition 2026 de l&rsquo;Integrated Systems\u2026<\/div><\/div><footer class=\"entry-footer\"><\/footer><\/article><\/div><div class='av-magazine-sideshow '><article class='av-magazine-entry av-magazine-entry-id-6019 av-magazine-format-standard av-magazine-type-post av-magazine-entry-2 av-magazine-entry-small '  itemscope=\"itemscope\" itemtype=\"https:\/\/schema.org\/CreativeWork\" ><div class=\"av-magazine-thumbnail\"><a href='https:\/\/soundsource.tn\/index.php\/2026\/03\/11\/kv2-audio-k-rig-maintenance-tunisie\/' title='Lier vers : \u00c9volution de la Gamme KV2 Audio : Notre Engagement Continue' class='av-magazine-thumbnail-link'><img  title=\"\" decoding=\"async\" fetchpriority=\"high\" width=\"80\" height=\"80\" src=\"https:\/\/soundsource.tn\/wp-content\/uploads\/2026\/03\/k.rig_-80x80.png\" class=\"wp-image-6021 avia-img-lazy-loading-not-6021 attachment-thumbnail size-thumbnail wp-post-image\"  alt=\"k.rig_-80x80 SS Actualit\u00e9s\"  srcset=\"https:\/\/soundsource.tn\/wp-content\/uploads\/2026\/03\/k.rig_-80x80.png 80w, https:\/\/soundsource.tn\/wp-content\/uploads\/2026\/03\/k.rig_-36x36.png 36w, https:\/\/soundsource.tn\/wp-content\/uploads\/2026\/03\/k.rig_-180x180.png 180w\" sizes=\"(max-width: 80px) 100vw, 80px\" \/><\/a><\/div><div class=\"av-magazine-content-wrap\"><header class=\"entry-content-header\" aria-label=\"Articles : \u00c9volution de la Gamme KV2 Audio : Notre Engagement Continue\"><time class='av-magazine-time updated'  itemprop=\"datePublished\" datetime=\"2026-03-11T22:39:40+01:00\" >11 mars 2026<\/time><span class=\"av-magazine-author-wrap\"><span class=\"av-magazine-text-sep text-sep-date\">\/<\/span><span class=\"av-magazine-author minor-meta\">par <span class=\"av-magazine-author-link\"  itemprop=\"author\" ><span class=\"av-magazine-author meta-color author\"><span class=\"fn\"><a href=\"https:\/\/soundsource.tn\/index.php\/author\/admin\/\" title=\"par Riahi Zied\" rel=\"author\">Riahi Zied<\/a><\/span><\/span><\/span><\/span><\/span><span class=\"av-magazine-cats-wrap\"><span class=\"av-magazine-text-sep text-sep-cats\">In<\/span><span class=\"av-magazine-cats minor-meta\"><a href=\"https:\/\/soundsource.tn\/index.php\/category\/actualites-maintenance\/\" rel=\"tag\">Actualit\u00e9s &amp; Maintenance<\/a>, <a href=\"https:\/\/soundsource.tn\/index.php\/category\/infos-constructeurs\/\" rel=\"tag\">Infos Constructeurs<\/a>, <a href=\"https:\/\/soundsource.tn\/index.php\/category\/news\/\" rel=\"tag\">News<\/a> <\/span><\/span><span class=\"av-magazine-tags-wrap\"><span class=\"av-magazine-text-sep text-sep-tags\">Etiquettes :<\/span><span class=\"av-magazine-tags minor-meta\"><a href=\"https:\/\/soundsource.tn\/index.php\/tag\/annonce_officielle\/\" rel=\"tag\">Annonce_officielle<\/a>, <a href=\"https:\/\/soundsource.tn\/index.php\/tag\/k-rig_series\/\" rel=\"tag\">K-Rig_Series<\/a>, <a href=\"https:\/\/soundsource.tn\/index.php\/tag\/kv2_audio\/\" rel=\"tag\">kv2_audio<\/a>, <a href=\"https:\/\/soundsource.tn\/index.php\/tag\/location_sonorisation\/\" rel=\"tag\">Location_sonorisation<\/a>, <a href=\"https:\/\/soundsource.tn\/index.php\/tag\/maintenance_et_sav\/\" rel=\"tag\">Maintenance_et_SAV<\/a>, <a href=\"https:\/\/soundsource.tn\/index.php\/tag\/support_technique_global\/\" rel=\"tag\">Support_technique_global<\/a>, <a href=\"https:\/\/soundsource.tn\/index.php\/tag\/systeme_de_sonorisation\/\" rel=\"tag\">Syst\u00e8me_de_sonorisation<\/a>, <a href=\"https:\/\/soundsource.tn\/index.php\/tag\/touring_professionnel\/\" rel=\"tag\">Touring_professionnel<\/a><\/span><\/span><h3 class='av-magazine-title entry-title '  itemprop=\"headline\" ><a href='https:\/\/soundsource.tn\/index.php\/2026\/03\/11\/kv2-audio-k-rig-maintenance-tunisie\/' title='Lier vers : \u00c9volution de la Gamme KV2 Audio : Notre Engagement Continue'>\u00c9volution de la Gamme KV2 Audio : Notre Engagement Continue<\/a><\/h3><\/header><\/div><footer class=\"entry-footer\"><\/footer><\/article><\/div><\/div><\/div>\n","protected":false},"excerpt":{"rendered":"","protected":false},"author":15731,"featured_media":0,"parent":0,"menu_order":0,"comment_status":"open","ping_status":"closed","template":"","meta":{"jetpack_post_was_ever_published":true,"footnotes":""},"class_list":["post-2967","page","type-page","status-publish","hentry"],"yoast_head":"<!-- This site is optimized with the Yoast SEO plugin v27.4 - https:\/\/yoast.com\/product\/yoast-seo-wordpress\/ -->\n<title>SS Actualit\u00e9s - SOUND SOURCE<\/title>\n<meta name=\"robots\" content=\"index, follow, max-snippet:-1, max-image-preview:large, max-video-preview:-1\" \/>\n<link rel=\"canonical\" href=\"https:\/\/soundsource.tn\/index.php\/home-v10-magazine\/\" \/>\n<meta property=\"og:locale\" content=\"fr_FR\" \/>\n<meta property=\"og:type\" content=\"article\" \/>\n<meta property=\"og:title\" content=\"SS Actualit\u00e9s - SOUND SOURCE\" \/>\n<meta property=\"og:url\" content=\"https:\/\/soundsource.tn\/index.php\/home-v10-magazine\/\" \/>\n<meta property=\"og:site_name\" content=\"SOUND SOURCE\" \/>\n<meta property=\"article:modified_time\" content=\"2026-03-11T21:41:34+00:00\" \/>\n<meta name=\"twitter:card\" content=\"summary_large_image\" \/>\n<meta name=\"twitter:label1\" content=\"Dur\u00e9e de lecture estim\u00e9e\" \/>\n\t<meta name=\"twitter:data1\" content=\"2 minutes\" \/>\n<script type=\"application\/ld+json\" class=\"yoast-schema-graph\">{\"@context\":\"https:\\\/\\\/schema.org\",\"@graph\":[{\"@type\":\"WebPage\",\"@id\":\"https:\\\/\\\/soundsource.tn\\\/index.php\\\/home-v10-magazine\\\/\",\"url\":\"https:\\\/\\\/soundsource.tn\\\/index.php\\\/home-v10-magazine\\\/\",\"name\":\"SS Actualit\u00e9s - SOUND SOURCE\",\"isPartOf\":{\"@id\":\"https:\\\/\\\/soundsource.tn\\\/#website\"},\"datePublished\":\"2014-04-21T19:01:44+00:00\",\"dateModified\":\"2026-03-11T21:41:34+00:00\",\"breadcrumb\":{\"@id\":\"https:\\\/\\\/soundsource.tn\\\/index.php\\\/home-v10-magazine\\\/#breadcrumb\"},\"inLanguage\":\"fr-FR\",\"potentialAction\":[{\"@type\":\"ReadAction\",\"target\":[\"https:\\\/\\\/soundsource.tn\\\/index.php\\\/home-v10-magazine\\\/\"]}]},{\"@type\":\"BreadcrumbList\",\"@id\":\"https:\\\/\\\/soundsource.tn\\\/index.php\\\/home-v10-magazine\\\/#breadcrumb\",\"itemListElement\":[{\"@type\":\"ListItem\",\"position\":1,\"name\":\"Home\",\"item\":\"https:\\\/\\\/soundsource.tn\\\/index.php\\\/ss-accueil\\\/\"},{\"@type\":\"ListItem\",\"position\":2,\"name\":\"SS Actualit\u00e9s\"}]},{\"@type\":\"WebSite\",\"@id\":\"https:\\\/\\\/soundsource.tn\\\/#website\",\"url\":\"https:\\\/\\\/soundsource.tn\\\/\",\"name\":\"SOUND SOURCE\",\"description\":\"L&#039;Excellence Sonore, l&#039;Exp\u00e9rience en Plus.\",\"publisher\":{\"@id\":\"https:\\\/\\\/soundsource.tn\\\/#organization\"},\"potentialAction\":[{\"@type\":\"SearchAction\",\"target\":{\"@type\":\"EntryPoint\",\"urlTemplate\":\"https:\\\/\\\/soundsource.tn\\\/?s={search_term_string}\"},\"query-input\":{\"@type\":\"PropertyValueSpecification\",\"valueRequired\":true,\"valueName\":\"search_term_string\"}}],\"inLanguage\":\"fr-FR\"},{\"@type\":\"Organization\",\"@id\":\"https:\\\/\\\/soundsource.tn\\\/#organization\",\"name\":\"SOUND SOURCE\",\"url\":\"https:\\\/\\\/soundsource.tn\\\/\",\"logo\":{\"@type\":\"ImageObject\",\"inLanguage\":\"fr-FR\",\"@id\":\"https:\\\/\\\/soundsource.tn\\\/#\\\/schema\\\/logo\\\/image\\\/\",\"url\":\"https:\\\/\\\/soundsource.tn\\\/wp-content\\\/uploads\\\/2023\\\/08\\\/logo-soundsource-tn.png\",\"contentUrl\":\"https:\\\/\\\/soundsource.tn\\\/wp-content\\\/uploads\\\/2023\\\/08\\\/logo-soundsource-tn.png\",\"width\":340,\"height\":156,\"caption\":\"SOUND SOURCE\"},\"image\":{\"@id\":\"https:\\\/\\\/soundsource.tn\\\/#\\\/schema\\\/logo\\\/image\\\/\"}}]}<\/script>\n<!-- \/ Yoast SEO plugin. -->","yoast_head_json":{"title":"SS Actualit\u00e9s - SOUND SOURCE","robots":{"index":"index","follow":"follow","max-snippet":"max-snippet:-1","max-image-preview":"max-image-preview:large","max-video-preview":"max-video-preview:-1"},"canonical":"https:\/\/soundsource.tn\/index.php\/home-v10-magazine\/","og_locale":"fr_FR","og_type":"article","og_title":"SS Actualit\u00e9s - SOUND SOURCE","og_url":"https:\/\/soundsource.tn\/index.php\/home-v10-magazine\/","og_site_name":"SOUND SOURCE","article_modified_time":"2026-03-11T21:41:34+00:00","twitter_card":"summary_large_image","twitter_misc":{"Dur\u00e9e de lecture estim\u00e9e":"2 minutes"},"schema":{"@context":"https:\/\/schema.org","@graph":[{"@type":"WebPage","@id":"https:\/\/soundsource.tn\/index.php\/home-v10-magazine\/","url":"https:\/\/soundsource.tn\/index.php\/home-v10-magazine\/","name":"SS Actualit\u00e9s - SOUND SOURCE","isPartOf":{"@id":"https:\/\/soundsource.tn\/#website"},"datePublished":"2014-04-21T19:01:44+00:00","dateModified":"2026-03-11T21:41:34+00:00","breadcrumb":{"@id":"https:\/\/soundsource.tn\/index.php\/home-v10-magazine\/#breadcrumb"},"inLanguage":"fr-FR","potentialAction":[{"@type":"ReadAction","target":["https:\/\/soundsource.tn\/index.php\/home-v10-magazine\/"]}]},{"@type":"BreadcrumbList","@id":"https:\/\/soundsource.tn\/index.php\/home-v10-magazine\/#breadcrumb","itemListElement":[{"@type":"ListItem","position":1,"name":"Home","item":"https:\/\/soundsource.tn\/index.php\/ss-accueil\/"},{"@type":"ListItem","position":2,"name":"SS Actualit\u00e9s"}]},{"@type":"WebSite","@id":"https:\/\/soundsource.tn\/#website","url":"https:\/\/soundsource.tn\/","name":"SOUND SOURCE","description":"L&#039;Excellence Sonore, l&#039;Exp\u00e9rience en Plus.","publisher":{"@id":"https:\/\/soundsource.tn\/#organization"},"potentialAction":[{"@type":"SearchAction","target":{"@type":"EntryPoint","urlTemplate":"https:\/\/soundsource.tn\/?s={search_term_string}"},"query-input":{"@type":"PropertyValueSpecification","valueRequired":true,"valueName":"search_term_string"}}],"inLanguage":"fr-FR"},{"@type":"Organization","@id":"https:\/\/soundsource.tn\/#organization","name":"SOUND SOURCE","url":"https:\/\/soundsource.tn\/","logo":{"@type":"ImageObject","inLanguage":"fr-FR","@id":"https:\/\/soundsource.tn\/#\/schema\/logo\/image\/","url":"https:\/\/soundsource.tn\/wp-content\/uploads\/2023\/08\/logo-soundsource-tn.png","contentUrl":"https:\/\/soundsource.tn\/wp-content\/uploads\/2023\/08\/logo-soundsource-tn.png","width":340,"height":156,"caption":"SOUND SOURCE"},"image":{"@id":"https:\/\/soundsource.tn\/#\/schema\/logo\/image\/"}}]}},"_links":{"self":[{"href":"https:\/\/soundsource.tn\/index.php\/wp-json\/wp\/v2\/pages\/2967","targetHints":{"allow":["GET"]}}],"collection":[{"href":"https:\/\/soundsource.tn\/index.php\/wp-json\/wp\/v2\/pages"}],"about":[{"href":"https:\/\/soundsource.tn\/index.php\/wp-json\/wp\/v2\/types\/page"}],"author":[{"embeddable":true,"href":"https:\/\/soundsource.tn\/index.php\/wp-json\/wp\/v2\/users\/15731"}],"replies":[{"embeddable":true,"href":"https:\/\/soundsource.tn\/index.php\/wp-json\/wp\/v2\/comments?post=2967"}],"version-history":[{"count":27,"href":"https:\/\/soundsource.tn\/index.php\/wp-json\/wp\/v2\/pages\/2967\/revisions"}],"predecessor-version":[{"id":6025,"href":"https:\/\/soundsource.tn\/index.php\/wp-json\/wp\/v2\/pages\/2967\/revisions\/6025"}],"wp:attachment":[{"href":"https:\/\/soundsource.tn\/index.php\/wp-json\/wp\/v2\/media?parent=2967"}],"curies":[{"name":"wp","href":"https:\/\/api.w.org\/{rel}","templated":true}]}}